{"id":52,"date":"2021-07-08T06:08:22","date_gmt":"2021-07-08T06:08:22","guid":{"rendered":"https:\/\/lacuracafashion.com\/es\/?page_id=52"},"modified":"2021-11-29T22:41:34","modified_gmt":"2021-11-30T03:41:34","slug":"caxacori","status":"publish","type":"page","link":"https:\/\/lacuracafashion.com\/es\/caxacori\/","title":{"rendered":"La Curaca"},"content":{"rendered":"\t\t<div data-elementor-type=\"wp-page\" data-elementor-id=\"52\" class=\"elementor elementor-52\">\n\t\t\t\t\t\t<section class=\"elementor-section elementor-top-section elementor-element elementor-element-b477726 elementor-section-boxed elementor-section-height-default elementor-section-height-default\" data-id=\"b477726\" data-element_type=\"section\" data-e-type=\"section\">\n\t\t\t\t\t\t<div class=\"elementor-container elementor-column-gap-default\">\n\t\t\t\t\t<div class=\"elementor-column elementor-col-100 elementor-top-column elementor-element elementor-element-2b9c5ab\" data-id=\"2b9c5ab\" data-element_type=\"column\" data-e-type=\"column\">\n\t\t\t<div class=\"elementor-widget-wrap elementor-element-populated\">\n\t\t\t\t\t\t<div class=\"elementor-element elementor-element-bc5f78c elementor-widget elementor-widget-heading\" data-id=\"bc5f78c\" data-element_type=\"widget\" data-e-type=\"widget\" data-widget_type=\"heading.default\">\n\t\t\t\t<div class=\"elementor-widget-container\">\n\t\t\t\t\t<p class=\"elementor-heading-title elementor-size-large\"><i> La Curaca  <\/i> disegna accessori fatte a mano in edizione limitata nel quale  esprime il potere e la saggezza femminile , attraverso i fili, le forme , i colori  e texture. <\/p>\t\t\t\t<\/div>\n\t\t\t\t<\/div>\n\t\t\t\t\t<\/div>\n\t\t<\/div>\n\t\t\t\t\t<\/div>\n\t\t<\/section>\n\t\t\t\t<section class=\"elementor-section elementor-top-section elementor-element elementor-element-bb0810c elementor-section-boxed elementor-section-height-default elementor-section-height-default\" data-id=\"bb0810c\" data-element_type=\"section\" data-e-type=\"section\">\n\t\t\t\t\t\t<div class=\"elementor-container elementor-column-gap-default\">\n\t\t\t\t\t<div class=\"elementor-column elementor-col-50 elementor-top-column elementor-element elementor-element-4b565cb\" data-id=\"4b565cb\" data-element_type=\"column\" data-e-type=\"column\">\n\t\t\t<div class=\"elementor-widget-wrap elementor-element-populated\">\n\t\t\t\t\t\t<div class=\"elementor-element elementor-element-df09c4e elementor-widget elementor-widget-text-editor\" data-id=\"df09c4e\" data-element_type=\"widget\" data-e-type=\"widget\" data-widget_type=\"text-editor.default\">\n\t\t\t\t<div class=\"elementor-widget-container\">\n\t\t\t\t\t\t\t\t\t<p><strong><em>La Curaca<\/em><\/strong> \u00e8 un marchio di abbigliamento e accessori fatti a mano con radici e ispirazione peruviane. Crediamo nel design, nel comfort, nell&#8217;inclusione, nell&#8217;uguaglianza. Crediamo che un capo possa cambiare la societ\u00e0 e vogliamo rivoluzionare l&#8217;identit\u00e0 culturale e sociale.<\/p><p>\u00c8 un marchio di moda che unisce cultura, tradizione e modernit\u00e0 che mira a portare il design peruviano nel mondo e renderlo riconosciuto e apprezzato. La sua ispirazione \u00e8 il Per\u00f9: i suoi colori, le sue forme, le sue trame, la sua gente, la sua passione e la sua storia.<\/p><p><strong><em>La Curaca<\/em><\/strong> lavora con artigiani peruviani di varie citt\u00e0 delle Ande, uomini e donne dedicati al ricamo e alla tessitura, appassionati della loro arte e molto creativi, generando una dinamica che li aiuta nella loro economia e che possano anche esporre il loro lavoro nel mondo.<\/p><p><strong><em>La Curaca<\/em><\/strong> vuole essere quel filo conduttore che unisce Per\u00f9 e Italia, due paesi con una cultura e una storia che impressionano il mondo.\u00a0<span style=\"color: var( --e-global-color-text ); font-family: var( --e-global-typography-text-font-family ), Sans-serif; font-weight: var( --e-global-typography-text-font-weight );\">Attualmente l&#8217;obiettivo \u00e8 mostrare il design peruviano al pubblico europeo.<\/span><\/p><p>Il marchio riflette l&#8217;unione delle tradizioni con la modernit\u00e0, legando una moda etica e sostenibile, cercando cos\u00ec un equilibrio con il pianeta e le persone.<\/p><p><strong><em>La Curaca<\/em><\/strong> cerca di unire il meglio della moda italiana e peruviana creando un legame di fratellanza.\u00a0<span style=\"color: var( --e-global-color-text ); font-family: var( --e-global-typography-text-font-family ), Sans-serif; font-weight: var( --e-global-typography-text-font-weight );\">Vogliamo sensibilizzare al consumo responsabile, diffondendo una moda in cui l&#8217;etica sia praticata con un\u00a0 impatto sociale positivo, promuovendo un commercio equo e inclusivo.<\/span><\/p>\t\t\t\t\t\t\t\t<\/div>\n\t\t\t\t<\/div>\n\t\t\t\t\t<\/div>\n\t\t<\/div>\n\t\t\t\t<div class=\"elementor-column elementor-col-50 elementor-top-column elementor-element elementor-element-aed697d\" data-id=\"aed697d\" data-element_type=\"column\" data-e-type=\"column\">\n\t\t\t<div class=\"elementor-widget-wrap elementor-element-populated\">\n\t\t\t\t\t\t<div class=\"elementor-element elementor-element-a821a5d elementor-widget elementor-widget-image\" data-id=\"a821a5d\" data-element_type=\"widget\" data-e-type=\"widget\" data-widget_type=\"image.default\">\n\t\t\t\t<div class=\"elementor-widget-container\">\n\t\t\t\t\t\t\t\t\t\t\t\t\t\t\t<img fetchpriority=\"high\" decoding=\"async\" width=\"644\" height=\"608\" src=\"https:\/\/lacuracafashion.com\/es\/wp-content\/uploads\/sites\/2\/2021\/07\/CaxacoriStudio-Somos.jpg\" class=\"attachment-large size-large wp-image-95\" alt=\"impacto social\" srcset=\"https:\/\/lacuracafashion.com\/es\/wp-content\/uploads\/sites\/2\/2021\/07\/CaxacoriStudio-Somos.jpg 644w, https:\/\/lacuracafashion.com\/es\/wp-content\/uploads\/sites\/2\/2021\/07\/CaxacoriStudio-Somos-300x283.jpg 300w\" sizes=\"(max-width: 644px) 100vw, 644px\" \/>\t\t\t\t\t\t\t\t\t\t\t\t\t\t\t<\/div>\n\t\t\t\t<\/div>\n\t\t\t\t\t<\/div>\n\t\t<\/div>\n\t\t\t\t\t<\/div>\n\t\t<\/section>\n\t\t\t\t<section class=\"elementor-section elementor-top-section elementor-element elementor-element-ef336dd elementor-section-boxed elementor-section-height-default elementor-section-height-default\" data-id=\"ef336dd\" data-element_type=\"section\" data-e-type=\"section\">\n\t\t\t\t\t\t<div class=\"elementor-container elementor-column-gap-default\">\n\t\t\t\t\t<div class=\"elementor-column elementor-col-100 elementor-top-column elementor-element elementor-element-800814e\" data-id=\"800814e\" data-element_type=\"column\" data-e-type=\"column\">\n\t\t\t<div class=\"elementor-widget-wrap elementor-element-populated\">\n\t\t\t\t\t\t<section class=\"elementor-section elementor-inner-section elementor-element elementor-element-a8bf349 elementor-section-boxed elementor-section-height-default elementor-section-height-default\" data-id=\"a8bf349\" data-element_type=\"section\" data-e-type=\"section\">\n\t\t\t\t\t\t<div class=\"elementor-container elementor-column-gap-default\">\n\t\t\t\t\t<div class=\"elementor-column elementor-col-50 elementor-inner-column elementor-element elementor-element-a210144\" data-id=\"a210144\" data-element_type=\"column\" data-e-type=\"column\">\n\t\t\t<div class=\"elementor-widget-wrap elementor-element-populated\">\n\t\t\t\t\t\t<div class=\"elementor-element elementor-element-701ec81 elementor-widget elementor-widget-image\" data-id=\"701ec81\" data-element_type=\"widget\" data-e-type=\"widget\" data-widget_type=\"image.default\">\n\t\t\t\t<div class=\"elementor-widget-container\">\n\t\t\t\t\t\t\t\t\t\t\t\t\t\t\t<img decoding=\"async\" width=\"540\" height=\"360\" src=\"https:\/\/lacuracafashion.com\/es\/wp-content\/uploads\/sites\/2\/2021\/11\/LaCuracaFashion014.jpg\" class=\"attachment-full size-full wp-image-912\" alt=\"\" srcset=\"https:\/\/lacuracafashion.com\/es\/wp-content\/uploads\/sites\/2\/2021\/11\/LaCuracaFashion014.jpg 540w, https:\/\/lacuracafashion.com\/es\/wp-content\/uploads\/sites\/2\/2021\/11\/LaCuracaFashion014-300x200.jpg 300w, https:\/\/lacuracafashion.com\/es\/wp-content\/uploads\/sites\/2\/2021\/11\/LaCuracaFashion014-416x277.jpg 416w\" sizes=\"(max-width: 540px) 100vw, 540px\" \/>\t\t\t\t\t\t\t\t\t\t\t\t\t\t\t<\/div>\n\t\t\t\t<\/div>\n\t\t\t\t\t<\/div>\n\t\t<\/div>\n\t\t\t\t<div class=\"elementor-column elementor-col-50 elementor-inner-column elementor-element elementor-element-2c5dd0a\" data-id=\"2c5dd0a\" data-element_type=\"column\" data-e-type=\"column\">\n\t\t\t<div class=\"elementor-widget-wrap elementor-element-populated\">\n\t\t\t\t\t\t<div class=\"elementor-element elementor-element-cfa22ad elementor-widget elementor-widget-image\" data-id=\"cfa22ad\" data-element_type=\"widget\" data-e-type=\"widget\" data-widget_type=\"image.default\">\n\t\t\t\t<div class=\"elementor-widget-container\">\n\t\t\t\t\t\t\t\t\t\t\t\t\t\t\t<img decoding=\"async\" width=\"540\" height=\"360\" src=\"https:\/\/lacuracafashion.com\/es\/wp-content\/uploads\/sites\/2\/2021\/11\/LaCuracaFashion015.jpg\" class=\"attachment-large size-large wp-image-913\" alt=\"\" srcset=\"https:\/\/lacuracafashion.com\/es\/wp-content\/uploads\/sites\/2\/2021\/11\/LaCuracaFashion015.jpg 540w, https:\/\/lacuracafashion.com\/es\/wp-content\/uploads\/sites\/2\/2021\/11\/LaCuracaFashion015-300x200.jpg 300w, https:\/\/lacuracafashion.com\/es\/wp-content\/uploads\/sites\/2\/2021\/11\/LaCuracaFashion015-416x277.jpg 416w\" sizes=\"(max-width: 540px) 100vw, 540px\" \/>\t\t\t\t\t\t\t\t\t\t\t\t\t\t\t<\/div>\n\t\t\t\t<\/div>\n\t\t\t\t\t<\/div>\n\t\t<\/div>\n\t\t\t\t\t<\/div>\n\t\t<\/section>\n\t\t\t\t<section class=\"elementor-section elementor-inner-section elementor-element elementor-element-0c7739e elementor-section-boxed elementor-section-height-default elementor-section-height-default\" data-id=\"0c7739e\" data-element_type=\"section\" data-e-type=\"section\">\n\t\t\t\t\t\t<div class=\"elementor-container elementor-column-gap-default\">\n\t\t\t\t\t<div class=\"elementor-column elementor-col-50 elementor-inner-column elementor-element elementor-element-a85121a\" data-id=\"a85121a\" data-element_type=\"column\" data-e-type=\"column\">\n\t\t\t<div class=\"elementor-widget-wrap elementor-element-populated\">\n\t\t\t\t\t\t<div class=\"elementor-element elementor-element-8dc2bac elementor-widget elementor-widget-image\" data-id=\"8dc2bac\" data-element_type=\"widget\" data-e-type=\"widget\" data-widget_type=\"image.default\">\n\t\t\t\t<div class=\"elementor-widget-container\">\n\t\t\t\t\t\t\t\t\t\t\t\t\t\t\t<img loading=\"lazy\" decoding=\"async\" width=\"540\" height=\"360\" src=\"https:\/\/lacuracafashion.com\/es\/wp-content\/uploads\/sites\/2\/2021\/07\/CaxacoriStudio-ImpactoSocial-02.jpg\" class=\"attachment-large size-large wp-image-102\" alt=\"CAUCHO SILVESTRE\" srcset=\"https:\/\/lacuracafashion.com\/es\/wp-content\/uploads\/sites\/2\/2021\/07\/CaxacoriStudio-ImpactoSocial-02.jpg 540w, https:\/\/lacuracafashion.com\/es\/wp-content\/uploads\/sites\/2\/2021\/07\/CaxacoriStudio-ImpactoSocial-02-300x200.jpg 300w\" sizes=\"(max-width: 540px) 100vw, 540px\" \/>\t\t\t\t\t\t\t\t\t\t\t\t\t\t\t<\/div>\n\t\t\t\t<\/div>\n\t\t\t\t\t<\/div>\n\t\t<\/div>\n\t\t\t\t<div class=\"elementor-column elementor-col-50 elementor-inner-column elementor-element elementor-element-aea4fdc\" data-id=\"aea4fdc\" data-element_type=\"column\" data-e-type=\"column\">\n\t\t\t<div class=\"elementor-widget-wrap elementor-element-populated\">\n\t\t\t\t\t\t<div class=\"elementor-element elementor-element-3bc1a2e elementor-widget elementor-widget-image\" data-id=\"3bc1a2e\" data-element_type=\"widget\" data-e-type=\"widget\" data-widget_type=\"image.default\">\n\t\t\t\t<div class=\"elementor-widget-container\">\n\t\t\t\t\t\t\t\t\t\t\t\t\t\t\t<img loading=\"lazy\" decoding=\"async\" width=\"540\" height=\"360\" src=\"https:\/\/lacuracafashion.com\/es\/wp-content\/uploads\/sites\/2\/2021\/07\/CaxacoriStudio-ImpactoSocial-01.jpg\" class=\"attachment-large size-large wp-image-101\" alt=\"artesano\" srcset=\"https:\/\/lacuracafashion.com\/es\/wp-content\/uploads\/sites\/2\/2021\/07\/CaxacoriStudio-ImpactoSocial-01.jpg 540w, https:\/\/lacuracafashion.com\/es\/wp-content\/uploads\/sites\/2\/2021\/07\/CaxacoriStudio-ImpactoSocial-01-300x200.jpg 300w\" sizes=\"(max-width: 540px) 100vw, 540px\" \/>\t\t\t\t\t\t\t\t\t\t\t\t\t\t\t<\/div>\n\t\t\t\t<\/div>\n\t\t\t\t\t<\/div>\n\t\t<\/div>\n\t\t\t\t\t<\/div>\n\t\t<\/section>\n\t\t\t\t\t<\/div>\n\t\t<\/div>\n\t\t\t\t\t<\/div>\n\t\t<\/section>\n\t\t\t\t<section class=\"elementor-section elementor-top-section elementor-element elementor-element-ce35c2d elementor-section-boxed elementor-section-height-default elementor-section-height-default\" data-id=\"ce35c2d\" data-element_type=\"section\" data-e-type=\"section\">\n\t\t\t\t\t\t<div class=\"elementor-container elementor-column-gap-default\">\n\t\t\t\t\t<div class=\"elementor-column elementor-col-50 elementor-top-column elementor-element elementor-element-2c9b273\" data-id=\"2c9b273\" data-element_type=\"column\" data-e-type=\"column\">\n\t\t\t<div class=\"elementor-widget-wrap elementor-element-populated\">\n\t\t\t\t\t\t<div class=\"elementor-element elementor-element-6f0e531 elementor-widget elementor-widget-text-editor\" data-id=\"6f0e531\" data-element_type=\"widget\" data-e-type=\"widget\" data-widget_type=\"text-editor.default\">\n\t\t\t\t<div class=\"elementor-widget-container\">\n\t\t\t\t\t\t\t\t\t<h4><strong>CELESTE MORENO<br \/><\/strong>FONDATRICE \/ ARTIGIANA \/ STILISTA DI MODA<\/h4><p>\u201cHo fatto un viaggio in Per\u00f9, mia terra natia, alla ricerca della magia del ricamo, ho attraversato diverse parti delle Ande, incontrando donne creative e appassionate dell\u2019arte tradizionale del ricamo, fatta di texture e colori tipici, donne con le quali ho imparato quanto sia meraviglioso il linguaggio dei fili e come sia possibile raccontare una storia attraverso l\u2019uso sapiente di questi.\u201d<\/p><p>Ho quindi fondato <strong><em>La Curaca<\/em><\/strong> per ripagare ci\u00f2 che ho appreso dall\u2019amore di quelle fantastiche donne e rendere cos\u00ec omaggio alle mie radici peruviane e alla natura, unendo pratiche ancestrali con stili moderni. Nasce cos\u00ec <strong><em>La Curaca,<\/em><\/strong> uno stile di vita che unisce passato e futuro in un presente pieno di colori, consistenze e storia.<\/p>\t\t\t\t\t\t\t\t<\/div>\n\t\t\t\t<\/div>\n\t\t\t\t\t<\/div>\n\t\t<\/div>\n\t\t\t\t<div class=\"elementor-column elementor-col-50 elementor-top-column elementor-element elementor-element-050a6c8\" data-id=\"050a6c8\" data-element_type=\"column\" data-e-type=\"column\">\n\t\t\t<div class=\"elementor-widget-wrap elementor-element-populated\">\n\t\t\t\t\t\t<div class=\"elementor-element elementor-element-234c9c9 elementor-widget elementor-widget-image\" data-id=\"234c9c9\" data-element_type=\"widget\" data-e-type=\"widget\" data-widget_type=\"image.default\">\n\t\t\t\t<div class=\"elementor-widget-container\">\n\t\t\t\t\t\t\t\t\t\t\t\t\t\t\t<img loading=\"lazy\" decoding=\"async\" width=\"644\" height=\"608\" src=\"https:\/\/lacuracafashion.com\/es\/wp-content\/uploads\/sites\/2\/2021\/11\/LaCuraca-Celeste.jpg\" class=\"attachment-large size-large wp-image-911\" alt=\"\" srcset=\"https:\/\/lacuracafashion.com\/es\/wp-content\/uploads\/sites\/2\/2021\/11\/LaCuraca-Celeste.jpg 644w, https:\/\/lacuracafashion.com\/es\/wp-content\/uploads\/sites\/2\/2021\/11\/LaCuraca-Celeste-300x283.jpg 300w, https:\/\/lacuracafashion.com\/es\/wp-content\/uploads\/sites\/2\/2021\/11\/LaCuraca-Celeste-416x393.jpg 416w\" sizes=\"(max-width: 644px) 100vw, 644px\" \/>\t\t\t\t\t\t\t\t\t\t\t\t\t\t\t<\/div>\n\t\t\t\t<\/div>\n\t\t\t\t\t<\/div>\n\t\t<\/div>\n\t\t\t\t\t<\/div>\n\t\t<\/section>\n\t\t\t\t<section class=\"elementor-section elementor-top-section elementor-element elementor-element-0e5c1d3 elementor-section-boxed elementor-section-height-default elementor-section-height-default\" data-id=\"0e5c1d3\" data-element_type=\"section\" data-e-type=\"section\">\n\t\t\t\t\t\t<div class=\"elementor-container elementor-column-gap-default\">\n\t\t\t\t\t<div class=\"elementor-column elementor-col-100 elementor-top-column elementor-element elementor-element-a262504\" data-id=\"a262504\" data-element_type=\"column\" data-e-type=\"column\">\n\t\t\t<div class=\"elementor-widget-wrap elementor-element-populated\">\n\t\t\t\t\t\t<div class=\"elementor-element elementor-element-354621c elementor-widget-divider--view-line elementor-widget elementor-widget-divider\" data-id=\"354621c\" data-element_type=\"widget\" data-e-type=\"widget\" data-widget_type=\"divider.default\">\n\t\t\t\t<div class=\"elementor-widget-container\">\n\t\t\t\t\t\t\t<div class=\"elementor-divider\">\n\t\t\t<span class=\"elementor-divider-separator\">\n\t\t\t\t\t\t<\/span>\n\t\t<\/div>\n\t\t\t\t\t\t<\/div>\n\t\t\t\t<\/div>\n\t\t\t\t\t<\/div>\n\t\t<\/div>\n\t\t\t\t\t<\/div>\n\t\t<\/section>\n\t\t\t\t<section class=\"elementor-section elementor-top-section elementor-element elementor-element-a9b5386 elementor-section-boxed elementor-section-height-default elementor-section-height-default\" data-id=\"a9b5386\" data-element_type=\"section\" data-e-type=\"section\">\n\t\t\t\t\t\t<div class=\"elementor-container elementor-column-gap-default\">\n\t\t\t\t\t<div class=\"elementor-column elementor-col-100 elementor-top-column elementor-element elementor-element-58a1b0c\" data-id=\"58a1b0c\" data-element_type=\"column\" data-e-type=\"column\">\n\t\t\t<div class=\"elementor-widget-wrap elementor-element-populated\">\n\t\t\t\t\t\t<div class=\"elementor-element elementor-element-817762f elementor-widget elementor-widget-heading\" data-id=\"817762f\" data-element_type=\"widget\" data-e-type=\"widget\" data-widget_type=\"heading.default\">\n\t\t\t\t<div class=\"elementor-widget-container\">\n\t\t\t\t\t<h2 class=\"elementor-heading-title elementor-size-default\">VALORI<\/h2>\t\t\t\t<\/div>\n\t\t\t\t<\/div>\n\t\t\t\t<section class=\"elementor-section elementor-inner-section elementor-element elementor-element-19244e4 elementor-section-boxed elementor-section-height-default elementor-section-height-default\" data-id=\"19244e4\" data-element_type=\"section\" data-e-type=\"section\">\n\t\t\t\t\t\t<div class=\"elementor-container elementor-column-gap-default\">\n\t\t\t\t\t<div class=\"elementor-column elementor-col-50 elementor-inner-column elementor-element elementor-element-07aa2e3\" data-id=\"07aa2e3\" data-element_type=\"column\" data-e-type=\"column\">\n\t\t\t<div class=\"elementor-widget-wrap elementor-element-populated\">\n\t\t\t\t\t\t<div class=\"elementor-element elementor-element-f044e97 elementor-widget elementor-widget-text-editor\" data-id=\"f044e97\" data-element_type=\"widget\" data-e-type=\"widget\" data-widget_type=\"text-editor.default\">\n\t\t\t\t<div class=\"elementor-widget-container\">\n\t\t\t\t\t\t\t\t\t<h3>Rispetto<\/h3><p>Riconosciamo il valore delle persone come generatrici di opportunit\u00e0, comprendendone l&#8217;importanza, il loro impegno e il loro interesse. Interagiamo conoscendo gli interessi collettivi, la diversit\u00e0 individuale, la sostenibilit\u00e0 delle risorse e il quadro istituzionale.<\/p>\t\t\t\t\t\t\t\t<\/div>\n\t\t\t\t<\/div>\n\t\t\t\t\t<\/div>\n\t\t<\/div>\n\t\t\t\t<div class=\"elementor-column elementor-col-50 elementor-inner-column elementor-element elementor-element-bb18ece\" data-id=\"bb18ece\" data-element_type=\"column\" data-e-type=\"column\">\n\t\t\t<div class=\"elementor-widget-wrap elementor-element-populated\">\n\t\t\t\t\t\t<div class=\"elementor-element elementor-element-4e6f941 elementor-widget elementor-widget-text-editor\" data-id=\"4e6f941\" data-element_type=\"widget\" data-e-type=\"widget\" data-widget_type=\"text-editor.default\">\n\t\t\t\t<div class=\"elementor-widget-container\">\n\t\t\t\t\t\t\t\t\t<h3>Responsabilit\u00e0<\/h3><p>Assumiamo le diverse attivit\u00e0 come opportunit\u00e0, sviluppando con dedizione per ottenere il miglior risultato. Consapevoli dei doveri e delle conseguenze delle nostre azioni.<\/p>\t\t\t\t\t\t\t\t<\/div>\n\t\t\t\t<\/div>\n\t\t\t\t\t<\/div>\n\t\t<\/div>\n\t\t\t\t\t<\/div>\n\t\t<\/section>\n\t\t\t\t<section class=\"elementor-section elementor-inner-section elementor-element elementor-element-24e987d elementor-section-boxed elementor-section-height-default elementor-section-height-default\" data-id=\"24e987d\" data-element_type=\"section\" data-e-type=\"section\">\n\t\t\t\t\t\t<div class=\"elementor-container elementor-column-gap-default\">\n\t\t\t\t\t<div class=\"elementor-column elementor-col-50 elementor-inner-column elementor-element elementor-element-53c5f9e\" data-id=\"53c5f9e\" data-element_type=\"column\" data-e-type=\"column\">\n\t\t\t<div class=\"elementor-widget-wrap elementor-element-populated\">\n\t\t\t\t\t\t<div class=\"elementor-element elementor-element-1797623 elementor-widget elementor-widget-text-editor\" data-id=\"1797623\" data-element_type=\"widget\" data-e-type=\"widget\" data-widget_type=\"text-editor.default\">\n\t\t\t\t<div class=\"elementor-widget-container\">\n\t\t\t\t\t\t\t\t\t<h3>Leadership<\/h3><p>Siamo persone impegnate a dare l&#8217;esempio e influenzare positivamente il lavoro degli altri, generando un lavoro di squadra che produce risultati di successo.<\/p>\t\t\t\t\t\t\t\t<\/div>\n\t\t\t\t<\/div>\n\t\t\t\t\t<\/div>\n\t\t<\/div>\n\t\t\t\t<div class=\"elementor-column elementor-col-50 elementor-inner-column elementor-element elementor-element-b05618c\" data-id=\"b05618c\" data-element_type=\"column\" data-e-type=\"column\">\n\t\t\t<div class=\"elementor-widget-wrap elementor-element-populated\">\n\t\t\t\t\t\t<div class=\"elementor-element elementor-element-fbd71b2 elementor-widget elementor-widget-text-editor\" data-id=\"fbd71b2\" data-element_type=\"widget\" data-e-type=\"widget\" data-widget_type=\"text-editor.default\">\n\t\t\t\t<div class=\"elementor-widget-container\">\n\t\t\t\t\t\t\t\t\t<h3>L&#8217;Impegno<\/h3><p>Con i nostri clienti fornendo un prodotto di qualit\u00e0, l\u2019impegno con gli artigiani fornendo un commercio equo per la stabilit\u00e0 delle loro famiglie e l\u2019impegno con l&#8217;ambiente rispettando tutti gli standard stabiliti per la cura di questo.<\/p>\t\t\t\t\t\t\t\t<\/div>\n\t\t\t\t<\/div>\n\t\t\t\t\t<\/div>\n\t\t<\/div>\n\t\t\t\t\t<\/div>\n\t\t<\/section>\n\t\t\t\t\t<\/div>\n\t\t<\/div>\n\t\t\t\t\t<\/div>\n\t\t<\/section>\n\t\t\t\t<\/div>\n\t\t","protected":false},"excerpt":{"rendered":"<p>La Curaca disegna accessori fatte a mano in edizione limitata nel quale esprime il potere e la saggezza femminile , attraverso i fili, le forme , i colori e texture. La Curaca \u00e8 un marchio di abbigliamento e accessori fatti a mano con radici e ispirazione peruviane. Crediamo nel design, nel comfort, nell&#8217;inclusione, nell&#8217;uguaglianza. Crediamo [&hellip;]<\/p>\n","protected":false},"author":1,"featured_media":0,"parent":0,"menu_order":0,"comment_status":"closed","ping_status":"closed","template":"elementor_canvas","meta":{"footnotes":""},"class_list":["post-52","page","type-page","status-publish","hentry"],"_links":{"self":[{"href":"https:\/\/lacuracafashion.com\/es\/wp-json\/wp\/v2\/pages\/52","targetHints":{"allow":["GET"]}}],"collection":[{"href":"https:\/\/lacuracafashion.com\/es\/wp-json\/wp\/v2\/pages"}],"about":[{"href":"https:\/\/lacuracafashion.com\/es\/wp-json\/wp\/v2\/types\/page"}],"author":[{"embeddable":true,"href":"https:\/\/lacuracafashion.com\/es\/wp-json\/wp\/v2\/users\/1"}],"replies":[{"embeddable":true,"href":"https:\/\/lacuracafashion.com\/es\/wp-json\/wp\/v2\/comments?post=52"}],"version-history":[{"count":34,"href":"https:\/\/lacuracafashion.com\/es\/wp-json\/wp\/v2\/pages\/52\/revisions"}],"predecessor-version":[{"id":1063,"href":"https:\/\/lacuracafashion.com\/es\/wp-json\/wp\/v2\/pages\/52\/revisions\/1063"}],"wp:attachment":[{"href":"https:\/\/lacuracafashion.com\/es\/wp-json\/wp\/v2\/media?parent=52"}],"curies":[{"name":"wp","href":"https:\/\/api.w.org\/{rel}","templated":true}]}}