{"id":353,"date":"2021-07-13T04:47:03","date_gmt":"2021-07-13T04:47:03","guid":{"rendered":"https:\/\/lacuracafashion.com\/es\/?page_id=353"},"modified":"2021-07-13T23:20:30","modified_gmt":"2021-07-13T23:20:30","slug":"politica-de-cookies","status":"publish","type":"page","link":"https:\/\/lacuracafashion.com\/es\/politica-de-cookies\/","title":{"rendered":"Pol\u00edtica de cookies"},"content":{"rendered":"\t\t<div data-elementor-type=\"wp-page\" data-elementor-id=\"353\" class=\"elementor elementor-353\">\n\t\t\t\t\t\t<section class=\"elementor-section elementor-top-section elementor-element elementor-element-98db73b elementor-section-boxed elementor-section-height-default elementor-section-height-default\" data-id=\"98db73b\" data-element_type=\"section\" data-e-type=\"section\">\n\t\t\t\t\t\t<div class=\"elementor-container elementor-column-gap-default\">\n\t\t\t\t\t<div class=\"elementor-column elementor-col-100 elementor-top-column elementor-element elementor-element-fbb7d58\" data-id=\"fbb7d58\" data-element_type=\"column\" data-e-type=\"column\">\n\t\t\t<div class=\"elementor-widget-wrap elementor-element-populated\">\n\t\t\t\t\t\t<div class=\"elementor-element elementor-element-c9de77b elementor-widget elementor-widget-heading\" data-id=\"c9de77b\" data-element_type=\"widget\" data-e-type=\"widget\" data-widget_type=\"heading.default\">\n\t\t\t\t<div class=\"elementor-widget-container\">\n\t\t\t\t\t<h1 class=\"elementor-heading-title elementor-size-default\">Pol\u00edtica de Cookies<\/h1>\t\t\t\t<\/div>\n\t\t\t\t<\/div>\n\t\t\t\t<div class=\"elementor-element elementor-element-830d136 elementor-widget elementor-widget-text-editor\" data-id=\"830d136\" data-element_type=\"widget\" data-e-type=\"widget\" data-widget_type=\"text-editor.default\">\n\t\t\t\t<div class=\"elementor-widget-container\">\n\t\t\t\t\t\t\t\t\t<div class=\"wpb_text_column wpb_content_element \"><div class=\"wpb_wrapper\"><p><strong>CAXACORI STUDIO EIRL<\/strong> es la propietaria de la marca comercial CAXACORI STUDIO y la operadora del sitio web <strong>www.caxacoristudio.com<\/strong>\u00a0y como tal, define las siguientes pol\u00edticas del sitio como una forma de ordenar, identificar y priorizar su pol\u00edtica de atenci\u00f3n al cliente online, referencia directa y veraz sobre la normativa comercial vigente en su web.<\/p><ol><li>Los visitantes tendr\u00e1n acceso al cat\u00e1logo completo y a la informaci\u00f3n basada en precios.<\/li><li>El visitante del sitio web al subscribirse acepta que CAXACORI STUDIO les pueda enviar de forma regular, correo electr\u00f3nico promocional o informativo. En todos los casos el usuario subscrito acepta que dicho correo tiene car\u00e1cter de CORREO DESEADO y NO INCUMPLE con ninguna normativa vigente en el pa\u00eds de origen del suscriptor. Al mismo tiempo, el usuario subscrito podr\u00e1 solicitar retirarse de la Base de datos de env\u00edos regulares, en el momento en que lo desee, a trav\u00e9s del correo electr\u00f3nico de CAXACORI STUDIO.<\/li><li>La informaci\u00f3n de los usuarios subscritos se mantiene en la m\u00e1s estricta reserva, no es objeto de comercializaci\u00f3n a terceros, no es compartida con empresa alguna, ni tampoco utilizada para el env\u00edo de correo electr\u00f3nico no relacionado a los \u00e1mbitos de negocio de CAXACORI STUDIO o sus futuros sitios web corporativos.<\/li><li>Un usuario suscriptor podr\u00e1 retirar su suscripci\u00f3n en cualquier momento, perdiendo los beneficios de acceso a informaci\u00f3n, recepci\u00f3n de correo electr\u00f3nico promocional y otros beneficios que CAXACORI STUDIO defina o haya definido para sus suscriptores, sin perjuicio para CAXACORI STUDIO de la eliminaci\u00f3n del total de informaci\u00f3n que pudiera haber registrado dicho usuario.<\/li><li>Los usuarios subscritos y visitantes toman conocimiento de que las im\u00e1genes que en el sitio web se muestran tienen y mantienen un copyright que beneficia exclusivamente a CAXACORI STUDIO. CAXACORI STUDIO se reserva el derecho de interponer cualquier tipo de demanda con respecto al uso indebido, plagio o utilizaci\u00f3n indebida, alteraci\u00f3n o reedici\u00f3n de im\u00e1genes, sin consentimiento o autorizaci\u00f3n formal de CAXACORI STUDIO y las marcas representadas.<\/li><li>Los productos mostrados en el sitio web, no necesariamente reflejan el stock presente en nuestras tiendas, raz\u00f3n por la cual, siempre ser\u00e1 una buena idea, comunicarse con las oficinas de CAXACORI STUDIO ( por medio del chat de algunas de sus redes sociales oficiales) para confirmar la existencia de otras l\u00edneas de producto disponible.<\/li><\/ol><p>\u00daltima actualizaci\u00f3n:\u00a0 13 de julio del 2021.<\/p><\/div><\/div>\t\t\t\t\t\t\t\t<\/div>\n\t\t\t\t<\/div>\n\t\t\t\t\t<\/div>\n\t\t<\/div>\n\t\t\t\t\t<\/div>\n\t\t<\/section>\n\t\t\t\t<\/div>\n\t\t","protected":false},"excerpt":{"rendered":"<p>Pol\u00edtica de Cookies CAXACORI STUDIO EIRL es la propietaria de la marca comercial CAXACORI STUDIO y la operadora del sitio web www.caxacoristudio.com\u00a0y como tal, define las siguientes pol\u00edticas del sitio como una forma de ordenar, identificar y priorizar su pol\u00edtica de atenci\u00f3n al cliente online, referencia directa y veraz sobre la normativa comercial vigente en [&hellip;]<\/p>\n","protected":false},"author":1,"featured_media":0,"parent":0,"menu_order":0,"comment_status":"closed","ping_status":"closed","template":"","meta":{"footnotes":""},"class_list":["post-353","page","type-page","status-publish","hentry"],"_links":{"self":[{"href":"https:\/\/lacuracafashion.com\/es\/wp-json\/wp\/v2\/pages\/353","targetHints":{"allow":["GET"]}}],"collection":[{"href":"https:\/\/lacuracafashion.com\/es\/wp-json\/wp\/v2\/pages"}],"about":[{"href":"https:\/\/lacuracafashion.com\/es\/wp-json\/wp\/v2\/types\/page"}],"author":[{"embeddable":true,"href":"https:\/\/lacuracafashion.com\/es\/wp-json\/wp\/v2\/users\/1"}],"replies":[{"embeddable":true,"href":"https:\/\/lacuracafashion.com\/es\/wp-json\/wp\/v2\/comments?post=353"}],"version-history":[{"count":10,"href":"https:\/\/lacuracafashion.com\/es\/wp-json\/wp\/v2\/pages\/353\/revisions"}],"predecessor-version":[{"id":480,"href":"https:\/\/lacuracafashion.com\/es\/wp-json\/wp\/v2\/pages\/353\/revisions\/480"}],"wp:attachment":[{"href":"https:\/\/lacuracafashion.com\/es\/wp-json\/wp\/v2\/media?parent=353"}],"curies":[{"name":"wp","href":"https:\/\/api.w.org\/{rel}","templated":true}]}}