{"id":340,"date":"2021-07-13T04:43:26","date_gmt":"2021-07-13T04:43:26","guid":{"rendered":"https:\/\/lacuracafashion.com\/es\/?page_id=340"},"modified":"2021-07-13T23:17:51","modified_gmt":"2021-07-13T23:17:51","slug":"condiciones-de-entrega","status":"publish","type":"page","link":"https:\/\/lacuracafashion.com\/es\/condiciones-de-entrega\/","title":{"rendered":"Condiciones de entrega"},"content":{"rendered":"\t\t<div data-elementor-type=\"wp-page\" data-elementor-id=\"340\" class=\"elementor elementor-340\">\n\t\t\t\t\t\t<section class=\"elementor-section elementor-top-section elementor-element elementor-element-98db73b elementor-section-boxed elementor-section-height-default elementor-section-height-default\" data-id=\"98db73b\" data-element_type=\"section\" data-e-type=\"section\">\n\t\t\t\t\t\t<div class=\"elementor-container elementor-column-gap-default\">\n\t\t\t\t\t<div class=\"elementor-column elementor-col-100 elementor-top-column elementor-element elementor-element-fbb7d58\" data-id=\"fbb7d58\" data-element_type=\"column\" data-e-type=\"column\">\n\t\t\t<div class=\"elementor-widget-wrap elementor-element-populated\">\n\t\t\t\t\t\t<div class=\"elementor-element elementor-element-c9de77b elementor-widget elementor-widget-heading\" data-id=\"c9de77b\" data-element_type=\"widget\" data-e-type=\"widget\" data-widget_type=\"heading.default\">\n\t\t\t\t<div class=\"elementor-widget-container\">\n\t\t\t\t\t<h1 class=\"elementor-heading-title elementor-size-default\">Condiciones de Entrega<\/h1>\t\t\t\t<\/div>\n\t\t\t\t<\/div>\n\t\t\t\t<div class=\"elementor-element elementor-element-830d136 elementor-widget elementor-widget-text-editor\" data-id=\"830d136\" data-element_type=\"widget\" data-e-type=\"widget\" data-widget_type=\"text-editor.default\">\n\t\t\t\t<div class=\"elementor-widget-container\">\n\t\t\t\t\t\t\t\t\t<div class=\"wpb_text_column wpb_content_element \"><div class=\"wpb_wrapper\"><p>La presente informaci\u00f3n es publicada con el objetivo de dar a conocer a nuestros clientes nuestras pol\u00edticas de entrega de pedidos realizados desde nuestro sitio web.<\/p><h2>Cobertura de entrega<\/h2><p>Atendemos pedidos a nivel nacional. Los env\u00edos son realizados por la empresa Serpost u Olva Courier con cobertura en todos los distritos del Per\u00fa y departamentos del Per\u00fa y con la empresa Mail on Bike con cobertura en diversos distritos de Lima metropolitana.<\/p><p>El tiempo de env\u00edo depende del destino de entrega. Este tiempo de entrega se cuenta a partir del momento en el que se haya verificado el pago correspondiente.<\/p><p>De acuerdo al destino de entrega elegido por el cliente y al peso total de los productos adquiridos, se sumar\u00e1 al costo total del pedido el costo de env\u00edo que corresponda y que se podr\u00e1 visualizar en el carrito de compras al momento de la compra.<\/p><h2>Tiempo de entrega<\/h2><p>El Tiempo de entrega de mercader\u00eda es de 3 d\u00edas como m\u00e1ximo para Lima. Para provincias depender\u00e1 de los d\u00edas que la empresa de transporte determine. El tiempo de entrega empieza a hacerse efectivo desde el momento en que el pedido se haya registrado hasta antes de las 4 pm y se haya verificado el pago correspondiente (la verificaci\u00f3n del pedido podr\u00eda tomar hasta un m\u00e1ximo de 24 horas despu\u00e9s de su recepci\u00f3n). Se le avisar\u00e1 con anticipaci\u00f3n de la llegada de su producto, como m\u00ednimo con una hora de anticipaci\u00f3n.<\/p><h2>Entrega del producto<\/h2><p>El costo de env\u00edo incluye hasta un intento de entrega como m\u00e1ximo. En caso se hayan realizado el intento y no haya sido posible entregar el pedido, \u00e9ste volver\u00e1 al Almac\u00e9n de CAXACORI STUDIO y ser\u00e1 el cliente el responsable de su recojo.<\/p><p>Si autorizas a una persona a recibir el producto en tu ausencia, es indispensable que tenga a la mano su DNI durante el despacho (no se entregar\u00e1n productos a menores de edad).<\/p><p>Al momento de la entrega, la persona que recibe el producto es responsable de revisar el producto, accesorios, manuales y certificado de garant\u00eda antes que se retire el operador log\u00edstico contratado por CAXACORI STUDIO. Una vez que se haya retirado el operador, no habr\u00e1 lugar a devoluci\u00f3n o reclamo de partes faltantes.<\/p><p>El operador log\u00edstico no est\u00e1 autorizado a recibir pago alguno por la compra.<\/p><p>\u00daltima actualizaci\u00f3n: 13 de julio del 2021.<\/p><\/div><\/div>\t\t\t\t\t\t\t\t<\/div>\n\t\t\t\t<\/div>\n\t\t\t\t\t<\/div>\n\t\t<\/div>\n\t\t\t\t\t<\/div>\n\t\t<\/section>\n\t\t\t\t<\/div>\n\t\t","protected":false},"excerpt":{"rendered":"<p>Condiciones de Entrega La presente informaci\u00f3n es publicada con el objetivo de dar a conocer a nuestros clientes nuestras pol\u00edticas de entrega de pedidos realizados desde nuestro sitio web. Cobertura de entrega Atendemos pedidos a nivel nacional. Los env\u00edos son realizados por la empresa Serpost u Olva Courier con cobertura en todos los distritos del [&hellip;]<\/p>\n","protected":false},"author":1,"featured_media":0,"parent":0,"menu_order":0,"comment_status":"closed","ping_status":"closed","template":"","meta":{"footnotes":""},"class_list":["post-340","page","type-page","status-publish","hentry"],"_links":{"self":[{"href":"https:\/\/lacuracafashion.com\/es\/wp-json\/wp\/v2\/pages\/340","targetHints":{"allow":["GET"]}}],"collection":[{"href":"https:\/\/lacuracafashion.com\/es\/wp-json\/wp\/v2\/pages"}],"about":[{"href":"https:\/\/lacuracafashion.com\/es\/wp-json\/wp\/v2\/types\/page"}],"author":[{"embeddable":true,"href":"https:\/\/lacuracafashion.com\/es\/wp-json\/wp\/v2\/users\/1"}],"replies":[{"embeddable":true,"href":"https:\/\/lacuracafashion.com\/es\/wp-json\/wp\/v2\/comments?post=340"}],"version-history":[{"count":8,"href":"https:\/\/lacuracafashion.com\/es\/wp-json\/wp\/v2\/pages\/340\/revisions"}],"predecessor-version":[{"id":657,"href":"https:\/\/lacuracafashion.com\/es\/wp-json\/wp\/v2\/pages\/340\/revisions\/657"}],"wp:attachment":[{"href":"https:\/\/lacuracafashion.com\/es\/wp-json\/wp\/v2\/media?parent=340"}],"curies":[{"name":"wp","href":"https:\/\/api.w.org\/{rel}","templated":true}]}}